{"id":81,"date":"2025-03-12T13:17:05","date_gmt":"2025-03-12T12:17:05","guid":{"rendered":"https:\/\/isaserigrafia.com\/EN\/?page_id=81"},"modified":"2026-03-30T12:27:28","modified_gmt":"2026-03-30T10:27:28","slug":"politica-ambientali","status":"publish","type":"page","link":"https:\/\/isaserigrafia.com\/IT\/politica-ambientali\/","title":{"rendered":"Politica ambientale"},"content":{"rendered":"<h2><strong>Politica ambientale<\/strong><\/h2>\n<p>&nbsp;<\/p>\n<p>I.S.A. SpA \u00e8 fortemente coinvolta nella problematica del rispetto dell\u2019ambiente, nella gestione dei rifiuti e nel rispetto delle efficienze energetiche.<\/p>\n<p><strong>Prodotti e Processi efficienti dal punto di vista delle risorse<\/strong><\/p>\n<p>L\u2019uso efficiente dell\u2019energia, dell\u2019acqua e delle materie prime, l\u2019uso di risorse rinnovabili e la riduzione al minimo dei danni all\u2019ambiente e alla salute sono alla base delle produzioni ISA.<\/p>\n<p><strong>Protezione dell\u2019ambiente<br \/>\n<\/strong><br \/>\nISA produce e commercializza prodotti di alta qualit\u00e0 e si assume la responsabilit\u00e0 di migliorare continuamente la compatibilit\u00e0 ambientale dei propri prodotti e servizi.<\/p>\n<p><strong>Rifiuti e riciclaggio<\/strong><\/p>\n<p>Nello sviluppo, nella produzione, nel ciclo di vita del prodotto e nel successivo riciclaggio a fine vita, cos\u00ec come in altre attivit\u00e0, si deve tener conto della prevenzione dei rifiuti, del riutilizzo delle risorse, del riciclaggio e dello smaltimento sicuro ed ecologico dei rifiuti residui, delle sostanze chimiche e delle acque reflue.<\/p>\n","protected":false},"excerpt":{"rendered":"<p>Politica ambientale &nbsp; I.S.A. SpA \u00e8 fortemente coinvolta nella problematica del rispetto dell\u2019ambiente, nella gestione dei rifiuti e nel rispetto delle efficienze energetiche. Prodotti e Processi efficienti dal punto di vista delle risorse L\u2019uso efficiente dell\u2019energia, dell\u2019acqua e delle materie prime, l\u2019uso di risorse rinnovabili e la riduzione al minimo dei danni all\u2019ambiente e alla&nbsp;&hellip;<\/p>\n","protected":false},"author":1,"featured_media":0,"parent":0,"menu_order":0,"comment_status":"closed","ping_status":"closed","template":"","meta":{"_monsterinsights_skip_tracking":false,"_monsterinsights_sitenote_active":false,"_monsterinsights_sitenote_note":"","_monsterinsights_sitenote_category":0,"footnotes":""},"class_list":["post-81","page","type-page","status-publish","hentry"],"aioseo_notices":[],"_links":{"self":[{"href":"https:\/\/isaserigrafia.com\/IT\/wp-json\/wp\/v2\/pages\/81","targetHints":{"allow":["GET"]}}],"collection":[{"href":"https:\/\/isaserigrafia.com\/IT\/wp-json\/wp\/v2\/pages"}],"about":[{"href":"https:\/\/isaserigrafia.com\/IT\/wp-json\/wp\/v2\/types\/page"}],"author":[{"embeddable":true,"href":"https:\/\/isaserigrafia.com\/IT\/wp-json\/wp\/v2\/users\/1"}],"replies":[{"embeddable":true,"href":"https:\/\/isaserigrafia.com\/IT\/wp-json\/wp\/v2\/comments?post=81"}],"version-history":[{"count":2,"href":"https:\/\/isaserigrafia.com\/IT\/wp-json\/wp\/v2\/pages\/81\/revisions"}],"predecessor-version":[{"id":1486,"href":"https:\/\/isaserigrafia.com\/IT\/wp-json\/wp\/v2\/pages\/81\/revisions\/1486"}],"wp:attachment":[{"href":"https:\/\/isaserigrafia.com\/IT\/wp-json\/wp\/v2\/media?parent=81"}],"curies":[{"name":"wp","href":"https:\/\/api.w.org\/{rel}","templated":true}]}}