{"id":6,"date":"2025-03-12T11:46:57","date_gmt":"2025-03-12T10:46:57","guid":{"rendered":"https:\/\/isaserigrafia.com\/EN\/materialis\/"},"modified":"2026-04-07T16:06:54","modified_gmt":"2026-04-07T14:06:54","slug":"materialis","status":"publish","type":"page","link":"https:\/\/isaserigrafia.com\/IT\/","title":{"rendered":"Front Page"},"content":{"rendered":"<!-- content style : start --><!-- content style : end --><!-- wp:extendstudio\/materialis--><h1  style=\"text-align: center;\"><\/h1><!-- wp:extendstudio\/materialis--><div  data-label=\"home\" data-id=\"about--3\" data-export-id=\"about-10\" data-category=\"about\" class=\"about-10 content-section content-section-spacing-large\" id=\"home\" style=\"background-color: rgb(245, 250, 253); background-image: none;\"><div  class=\"gridContainer\"> <div  class=\"row middle-sm text-center\"><div  class=\"col-sm-5 space-bottom-xs content-column\" data-type=\"column\">  <h2  class=\"\">Soluzioni avanzate di stampa industriale<\/h2> <p  class=\"\">Fondata nel 1972, ISA nasce con l\u2019obiettivo di fare della serigrafia il pilastro di partnership solide e durature con il mondo dell\u2019impresa. Da oltre cinquant\u2019anni operiamo con passione e competenza per offrire soluzioni di stampa serigrafica e digitale d\u2019eccellenza, servendo settori ad alto contenuto tecnologico come l\u2019industria, l\u2019automotive, l\u2019aerospazio e i trasporti, oltre al mondo della comunicazione visiva. La nostra proposta si articola attraverso una vasta gamma di applicazioni specializzate, che spaziano dalla serigrafia in piano su supporti plastici e metallici alla stampa digitale di medio e grande formato.<br >Siamo partner strategici nella realizzazione di componenti tecniche, come le targhe in policarbonato per apparecchiature industriali, etichette autoadesive e scritte prespaziate di alta precisione. La nostra competenza si estende a settori di estrema specificit\u00e0, dove curiamo la decorazione e il branding di interni ed esterni per aeromobili, carrozze ferroviarie e imbarcazioni nautiche. Questa versatilit\u00e0 ci permette di firmare anche progetti di grafica per il settore motociclistico e di personalizzare con efficacia spazi commerciali, vetrine e stazioni di servizio.<br >Ogni nostra attivit\u00e0 \u00e8 guidata da un costante impegno nell\u2019innovazione e nel controllo della qualit\u00e0, operando in rigorosa conformit\u00e0 ai sistemi di gestione UNI EN ISO 9001:2015 e UNI EN 9100:2018, garantendo cos\u00ec risultati affidabili e certificati per i mercati pi\u00f9 esigenti.<\/p> <a  class=\"button blue mdc-ripple-upgraded\" href=\"https:\/\/isaserigrafia.com\/IT\/wp-content\/uploads\/2026\/02\/EN_9100-ENG-152812-2014-AQ-ITA-ACCREDIA-7-20260209.pdf\" target=\"_self\" data-cp-link=\"1\">Certificazioni<\/a><\/div> <div  class=\"col-sm-7 flexbox middle-xs center-xs\"><div  class=\"overlay-box middle-xs center-xs flexbox box-image\"> <div  class=\"overlay-box-offset offset-border mdc-elevation--z5 border-color1 hide-xs border-radius-8\"><\/div> <img  decoding=\"async\" class=\"mdc-elevation--z10 rounded max-image\" data-size=\"480x700\" src=\"https:\/\/isaserigrafia.com\/IT\/wp-content\/uploads\/2026\/03\/cropped-Progetto-senza-titolo-2.png\" alt=\"ingresso azienda Isa\"><\/div> <\/div><\/div> <\/div><\/div><!-- \/wp:extendstudio\/materialis--><h2  style=\"text-align: center;\"><strong ><\/strong><\/h2><!-- \/wp:post-content --><!-- \/wp:extendstudio\/materialis--><!-- wp:extendstudio\/materialis--><!-- wp:extendstudio\/materialis--><div  data-label=\"Features\" data-id=\"features--2\" data-export-id=\"features-16\" data-category=\"features\" class=\"features-16 content-section content-section-spacing-large\" id=\"features-2\" style=\"background-color: rgb(255, 255, 255); background-image: none;\"><div  class=\"\"> <div  class=\"row text-center\"><div  class=\"section-title-col\" data-type=\"column\"> <h2  class=\"\">TECNOLOGIE<\/h2> <\/div> <\/div> <div  class=\"row spaced-cols\" data-type=\"row\"> <div  class=\"col-xs-12 col-sm-6 space-bottom col-md-3 \"> <img  decoding=\"async\" class=\"face mdc-elevation--z3\" src=\"https:\/\/isaserigrafia.com\/IT\/wp-content\/uploads\/2026\/03\/cropped-cropped-cropped-operatore-reparto-serigrafia_ISA_-2-scaled-1-1.jpeg\" alt=\"Operatore reparto serigrafia al lavoro\"> <div  data-type=\"column\" class=\"col-padding-small col-padding-small-xs description-container\"> <h4  class=\"font-500\">STAMPA SERIGRAFICA<\/h4> <p  class=\"\">Da arte a processo industriale, la serigrafia garantisce oggi un\u2019alta precisione. \u00c8 la scelta d\u2019eccellenza per applicazioni che richiedono estrema durata, tolleranze minime e una resa cromatica dalla brillantezza ineguagliabile.<\/p> <a  class=\"read-more\" href=\"https:\/\/isaserigrafia.com\/IT\/stampa-serigrafica\" target=\"_self\" data-cp-link=\"1\">Scopri di pi\u00f9<\/a><\/div> <\/div> <div  class=\"col-xs-12 col-sm-6 space-bottom col-md-3 \"> <img  decoding=\"async\" class=\"face mdc-elevation--z3\" src=\"https:\/\/isaserigrafia.com\/IT\/wp-content\/uploads\/2026\/03\/cropped-cropped-Reparto-stampa-digitale_ISA_industria-serigrafica.png\" alt=\"Reparto stampa digitale ISA\"> <div  data-type=\"column\" class=\"col-padding-small col-padding-small-xs description-container\"> <h4  class=\"font-500\">STAMPA DIGITALE E U.V.<\/h4> <p  class=\"\">La stampa digitale evolve il processo produttivo trasferendo i dati direttamente sui materiali, senza matrici. Un sistema dinamico e flessibile, ideale per piccole, medie e grandi tirature che richiedono alta qualit\u00e0 e velocit\u00e0.<\/p> <a  class=\"read-more\" href=\"https:\/\/isaserigrafia.com\/IT\/stampa-digitale-e-u-v\" target=\"_self\" data-cp-link=\"1\">Scopri di pi\u00f9<\/a><\/div> <\/div> <div  class=\"col-xs-12 col-sm-6 space-bottom col-md-3\"> <img  decoding=\"async\" class=\"face mdc-elevation--z3\" src=\"https:\/\/isaserigrafia.com\/IT\/wp-content\/uploads\/2026\/04\/cropped-cropped-cropped-Gemini_Generated_Image_apy1leapy1leapy1-1.png\" alt=\"Operatore reparto serigrafia al lavoro\"> <div  data-type=\"column\" class=\"col-padding-small col-padding-small-xs description-container\"> <h4  class=\"font-500\">INTAGLIO AL PLOTTER<\/h4> <p  class=\"\">L\u2019intaglio a plotter trasforma i progetti in realt\u00e0 con precisione millimetrica. Tramite sistemi che convertono i file in tracciati netti, garantisce una ripetibilit\u00e0 assoluta e un controllo delle tolleranze su ogni tipo di pellicola o fibra vinilica.<\/p> <a  class=\"read-more\" href=\"https:\/\/isaserigrafia.com\/IT\/stampa-serigrafica\" target=\"_self\" data-cp-link=\"1\">Scopri di pi\u00f9<\/a><\/div> <\/div><div  class=\"col-xs-12 col-sm-6 space-bottom col-md-3\"> <img  decoding=\"async\" class=\"face mdc-elevation--z3\" src=\"https:\/\/isaserigrafia.com\/IT\/wp-content\/uploads\/2026\/03\/cropped-Gemini_Generated_Image_8if9h88if9h88if9.png\" alt=\"Operatore reparto serigrafia al lavoro\"> <div  data-type=\"column\" class=\"col-padding-small col-padding-small-xs description-container\"> <h4  class=\"font-500\">FUSTELLATURA E TRANCIA<\/h4> <p  class=\"\">Fustellatura e tranciatura danno forma ai materiali con tolleranze infinitesimali. Tramite stampi e lame di alta precisione, permettono di replicare migliaia di pezzi identici con bordi puliti su ogni supporto, dai vinili ai plastici rigidi.<\/p> <a  class=\"read-more\" href=\"https:\/\/isaserigrafia.com\/IT\/stampa-serigrafica\" target=\"_self\" data-cp-link=\"1\">Scopri di pi\u00f9<\/a><\/div> <\/div><\/div> <\/div><\/div><!-- \/wp:extendstudio\/materialis--><!-- wp:extendstudio\/materialis--><!-- \/wp:extendstudio\/materialis--><!-- \/wp:extendstudio\/materialis--><!-- wp:extendstudio\/materialis--><!-- \/wp:extendstudio\/materialis--><!-- wp:extendstudio\/materialis--><!-- \/wp:extendstudio\/materialis--><!-- wp:extendstudio\/materialis--><div  data-label=\"Portfolio\" data-id=\"portfolio--1\" data-export-id=\"portfolio-2-materialis\" data-category=\"portfolio\" class=\"portfolio-2-materialis content-section-spacing-large content-section bg-color-white\" id=\"portfolio-3\" style=\"background-image: none; background-color: rgb(245, 250, 253);\">\n<div  class=\"\">\n<div  class=\"row\">\n<h2  class=\"section-title-col\" data-type=\"column\">REALIZZAZIONI\n<br  class=\"\"><br  class=\"\">\n<\/h2>\n<\/div>\n<div  class=\"row text-left spaced-cols center-sm\" data-type=\"row\" data-fixed=\"true\">\n<div  class=\"col-sm-6 col-xs-12 col-md-4\">\n<div  class=\"card mdc-elevation--z3 no-padding\" data-hover-fx=\"portfolio-1\">\n<div  class=\"image\"><img  alt=\"esempio decalcomanie riattivabili\" decoding=\"async\" src=\"https:\/\/isaserigrafia.com\/IT\/wp-content\/uploads\/2026\/03\/cropped-decal-home.jpg\" data-size=\"375x220\"><\/div>\n<div  class=\"text col-padding col-xs-12\">\n<h6  class=\"color4 font-400\"><\/h6>\n<a  class=\"h5 font-400\" href=\"https:\/\/isaserigrafia.com\/IT\/decalcomanie-riattivabili\" target=\"_self\" data-cp-link=\"1\" rel=\"noopener noreferrer\">Decalcomanie<\/a><\/div>\n<\/div>\n<\/div>\n<div  class=\"col-sm-6 col-xs-12 col-md-4 \">\n<div  class=\"card mdc-elevation--z3 no-padding\" data-hover-fx=\"portfolio-1\">\n<div  class=\"image\"><img  alt=\"esempio prespaziate\" decoding=\"async\" src=\"https:\/\/isaserigrafia.com\/IT\/wp-content\/uploads\/2026\/03\/cropped-Gemini_Generated_Image_1i493z1i493z1i49.png\" data-size=\"375x220\"><\/div>\n<div  class=\"text col-padding col-xs-12\" data-type=\"column\">\n<h6  class=\"color2 font-400\"><\/h6>\n<a  class=\"h5 font-400\" href=\"https:\/\/isaserigrafia.com\/IT\/prespaziate\" target=\"_self\" data-cp-link=\"1\" rel=\"noopener noreferrer\">Prespaziate<\/a><\/div>\n<\/div>\n<\/div>\n<div  class=\"col-sm-6 col-xs-12 col-md-4 \">\n<div  class=\"card mdc-elevation--z3 no-padding\" data-hover-fx=\"portfolio-1\">\n<div  class=\"image\"><img  alt=\"paralumi in policarbonato\" decoding=\"async\" src=\"https:\/\/isaserigrafia.com\/IT\/wp-content\/uploads\/2026\/03\/cropped-Gemini_Generated_Image_9y49x79y49x79y49.png\" data-size=\"375x220\"><\/div>\n<div  class=\"text col-padding col-xs-12\" data-type=\"column\">\n<h6  class=\"color5 font-400\"><\/h6>\n<a  class=\"h5 font-400\" href=\"https:\/\/isaserigrafia.com\/IT\/paralumi-in-policarbonato\" target=\"_self\" data-cp-link=\"1\" rel=\"noopener noreferrer\">Paralumi Policarbonato<\/a><\/div>\n<\/div>\n<\/div>\n<div  class=\"col-sm-6 col-xs-12 col-md-4 \">\n<div  class=\"card mdc-elevation--z3 no-padding\" data-hover-fx=\"portfolio-1\">\n<div  class=\"image\"><img  alt=\"esempi targhette policarbonato\" decoding=\"async\" src=\"https:\/\/isaserigrafia.com\/IT\/wp-content\/uploads\/2026\/03\/cropped-policarbonato-home.png\" data-size=\"375x220\"><\/div>\n<div  class=\"text col-padding col-xs-12\" data-type=\"column\">\n<h6  class=\"color2 font-400\"><\/h6>\n<a  class=\"h5 font-400\" href=\"https:\/\/isaserigrafia.com\/IT\/targhe-policarbonato\" target=\"_self\" data-cp-link=\"1\" rel=\"noopener noreferrer\">Targhe in policarbonato <\/a><\/div>\n<\/div>\n<\/div>\n<div  class=\"col-sm-6 col-xs-12 col-md-4 \">\n<div  class=\"card mdc-elevation--z3 no-padding\" data-hover-fx=\"portfolio-1\">\n<div  class=\"image\"><img  alt=\"cartelli in alluminio\" decoding=\"async\" src=\"https:\/\/isaserigrafia.com\/IT\/wp-content\/uploads\/2026\/03\/cropped-targhette-home.jpeg\" data-size=\"375x220\"><\/div>\n<div  class=\"text col-padding col-xs-12\" data-type=\"column\">\n<h6  class=\"color4 font-400\"><\/h6>\n<a  class=\"h5 font-400\" href=\"https:\/\/isaserigrafia.com\/IT\/cartelli-in-alluminio\" target=\"_self\" data-cp-link=\"1\" rel=\"noopener noreferrer\">Cartelli e targhe metalliche<\/a><\/div>\n<\/div>\n<\/div>\n<div  class=\"col-sm-6 col-xs-12 col-md-4 \">\n<div  class=\"card mdc-elevation--z3 no-padding\" data-hover-fx=\"portfolio-1\">\n<div  class=\"image\"><img  alt=\"allestimento mezzi di trasporto\" decoding=\"async\" src=\"https:\/\/isaserigrafia.com\/IT\/wp-content\/uploads\/2026\/03\/cropped-mezzi-home.jpg\" data-size=\"375x220\"><\/div>\n<div  class=\"text col-padding col-xs-12\" data-type=\"column\">\n<h6  class=\"color5 font-400\"><\/h6>\n<a  class=\"h5 font-400\" href=\"https:\/\/isaserigrafia.com\/IT\/mezzi-di-trasporto\" target=\"_self\" data-cp-link=\"1\" rel=\"noopener noreferrer\">Mezzi di trasporto <\/a><\/div>\n<\/div>\n<\/div>\n<div  class=\"col-sm-6 col-xs-12 col-md-4\">\n<div  class=\"card mdc-elevation--z3 no-padding\" data-hover-fx=\"portfolio-1\">\n<div  class=\"image\"><img  alt=\"adesivi per settore automotive\" decoding=\"async\" src=\"https:\/\/isaserigrafia.com\/IT\/wp-content\/uploads\/2026\/03\/cropped-adesivi-automotive-home.png\" data-size=\"375x220\"><\/div>\n<div  class=\"text col-padding col-xs-12\">\n<h6  class=\"color4 font-400\"><\/h6>\n<a  class=\"h5 font-400\" href=\"https:\/\/isaserigrafia.com\/IT\/adesivi-automotive\" target=\"_self\" data-cp-link=\"1\" rel=\"noopener noreferrer\">Adesivi per settore automotive<\/a><\/div>\n<\/div>\n<\/div>\n<div  class=\"col-sm-6 col-xs-12 col-md-4\">\n<div  class=\"card mdc-elevation--z3 no-padding\" data-hover-fx=\"portfolio-1\">\n<div  class=\"image\"><img  alt=\"esempi etichette ecodome\" decoding=\"async\" src=\"https:\/\/isaserigrafia.com\/IT\/wp-content\/uploads\/2026\/03\/cropped-ecodome-home.png\" data-size=\"375x220\"><\/div>\n<div  class=\"text col-padding col-xs-12\">\n<h6  class=\"color4 font-400\"><\/h6>\n<a  class=\"h5 font-400\" href=\"https:\/\/isaserigrafia.com\/IT\/etichette-resinate\" target=\"_self\" data-cp-link=\"1\" rel=\"noopener noreferrer\">Etichette resinate e Ecodome<\/a><\/div>\n<\/div>\n<\/div>\n<div  class=\"col-sm-6 col-xs-12 col-md-4\">\n<div  class=\"card mdc-elevation--z3 no-padding\" data-hover-fx=\"portfolio-1\">\n<div  class=\"image\"><img  alt=\"personalizzazione van\" decoding=\"async\" src=\"https:\/\/isaserigrafia.com\/IT\/wp-content\/uploads\/2026\/03\/cropped-van-home.png\" data-size=\"375x220\"><\/div>\n<div  class=\"text col-padding col-xs-12\">\n<h6  class=\"color4 font-400\"><\/h6>\n<a  class=\"h5 font-400\" href=\"https:\/\/isaserigrafia.com\/IT\/personalizzazione-van\" target=\"_self\" data-cp-link=\"1\" rel=\"noopener noreferrer\">Personalizzazione Van<\/a><\/div>\n<\/div>\n<\/div>\n<\/div>\n<\/div>\n<\/div><!-- wp:extendstudio\/materialis --><div  data-label=\"Features\" data-id=\"features--1\" data-export-id=\"features-1-materialis\" data-category=\"features\" class=\"features-1m content-section content-section-spacing-large\" id=\"features-1\" style=\"background-color: #f0f1f2;\">\n<div  class=\"gridContainer\">\n<div  class=\"row text-center\">\n<div  class=\"section-title-col\" data-type=\"column\">\n\n\n<p  class=\"\"><\/p>\n<h2  class=\"\">Politiche Aziendali<\/h2><a  class=\"button blue mdc-ripple-upgraded\" href=\"https:\/\/isaserigrafia.com\/IT\/condizioni-di-fornitura\" target=\"_self\" data-cp-link=\"1\" rel=\"noopener noreferrer\">Condizioni di Fornitura<\/a><a  class=\"button blue mdc-ripple-upgraded\" href=\"https:\/\/isaserigrafia.com\/IT\/cookies\" target=\"_self\" data-cp-link=\"1\" rel=\"noopener noreferrer\">Cookies<\/a><a  class=\"button blue mdc-ripple-upgraded\" href=\"https:\/\/isaserigrafia.com\/IT\/privacy\" target=\"_self\" data-cp-link=\"1\" rel=\"noopener noreferrer\" style=\"--mdc-ripple-fg-size: 56.859375px; --mdc-ripple-fg-scale: 1.9849263654239546; --mdc-ripple-fg-translate-start: 19.5859375px, -11.34375px; --mdc-ripple-fg-translate-end: 18.953125px, -8.4296875px;\">Privacy<\/a><a  class=\"button blue mdc-ripple-upgraded\" href=\"https:\/\/isaserigrafia.com\/IT\/codice-etico\" target=\"_self\" data-cp-link=\"1\" rel=\"noopener noreferrer\">Codice Etico<\/a><a  class=\"button blue mdc-ripple-upgraded\" href=\"https:\/\/isaserigrafia.com\/IT\/politica-ambientali\" target=\"_self\" data-cp-link=\"1\" rel=\"noopener\">Politica Ambientale<\/a><\/div>\n<\/div>\n<div  class=\"row top-xs space-top-small content-center-sm\" data-type=\"row\">\n<div  class=\"col-sm-4 col-xs-12 space-bottom col-md-3\" data-type=\"column\"><a  class=\"link\" href=\"https:\/\/isaserigrafia.com\/index.php\/condizioni-generali-di-fornitura\" target=\"_self\" data-cp-link=\"1\" rel=\"noopener noreferrer\"><\/a><\/div>\n\n<\/div>\n<\/div>\n<\/div><!-- \/wp:extendstudio\/materialis --><p ><!-- CloudPress Companion Preview Data START --><\/p>","protected":false},"excerpt":{"rendered":"<p>Soluzioni avanzate di stampa industriale Fondata nel 1972, ISA nasce con l\u2019obiettivo di fare della serigrafia il pilastro di partnership solide e durature con il mondo dell\u2019impresa. Da oltre cinquant\u2019anni operiamo con passione e competenza per offrire soluzioni di stampa serigrafica e digitale d\u2019eccellenza, servendo settori ad alto contenuto tecnologico come l\u2019industria, l\u2019automotive, l\u2019aerospazio e&nbsp;&hellip;<\/p>\n","protected":false},"author":1,"featured_media":0,"parent":0,"menu_order":0,"comment_status":"closed","ping_status":"closed","template":"page-templates\/homepage.php","meta":{"_monsterinsights_skip_tracking":false,"_monsterinsights_sitenote_active":false,"_monsterinsights_sitenote_note":"","_monsterinsights_sitenote_category":0,"footnotes":""},"class_list":["post-6","page","type-page","status-publish","hentry"],"aioseo_notices":[],"_links":{"self":[{"href":"https:\/\/isaserigrafia.com\/IT\/wp-json\/wp\/v2\/pages\/6","targetHints":{"allow":["GET"]}}],"collection":[{"href":"https:\/\/isaserigrafia.com\/IT\/wp-json\/wp\/v2\/pages"}],"about":[{"href":"https:\/\/isaserigrafia.com\/IT\/wp-json\/wp\/v2\/types\/page"}],"author":[{"embeddable":true,"href":"https:\/\/isaserigrafia.com\/IT\/wp-json\/wp\/v2\/users\/1"}],"replies":[{"embeddable":true,"href":"https:\/\/isaserigrafia.com\/IT\/wp-json\/wp\/v2\/comments?post=6"}],"version-history":[{"count":133,"href":"https:\/\/isaserigrafia.com\/IT\/wp-json\/wp\/v2\/pages\/6\/revisions"}],"predecessor-version":[{"id":1496,"href":"https:\/\/isaserigrafia.com\/IT\/wp-json\/wp\/v2\/pages\/6\/revisions\/1496"}],"wp:attachment":[{"href":"https:\/\/isaserigrafia.com\/IT\/wp-json\/wp\/v2\/media?parent=6"}],"curies":[{"name":"wp","href":"https:\/\/api.w.org\/{rel}","templated":true}]}}