{"id":149,"date":"2025-03-12T15:08:52","date_gmt":"2025-03-12T14:08:52","guid":{"rendered":"https:\/\/isaserigrafia.com\/EN\/?page_id=149"},"modified":"2026-03-24T14:55:35","modified_gmt":"2026-03-24T13:55:35","slug":"adesivi-automotive","status":"publish","type":"page","link":"https:\/\/isaserigrafia.com\/IT\/adesivi-automotive\/","title":{"rendered":"Adesivi per Settore Automotive"},"content":{"rendered":"\t\t<div data-elementor-type=\"wp-page\" data-elementor-id=\"149\" class=\"elementor elementor-149\">\n\t\t\t\t<div class=\"elementor-element elementor-element-17e0f9d e-flex e-con-boxed e-con e-parent\" data-id=\"17e0f9d\" data-element_type=\"container\" data-e-type=\"container\">\n\t\t\t\t\t<div class=\"e-con-inner\">\n\t\t\t\t<div class=\"elementor-element elementor-element-42ebef7 elementor-widget elementor-widget-text-editor\" data-id=\"42ebef7\" data-element_type=\"widget\" data-e-type=\"widget\" data-widget_type=\"text-editor.default\">\n\t\t\t\t\t\t\t\t\t<p>Grazie a un consolidato know-how e a una costante spinta all&#8217;innovazione, progettiamo e realizziamo soluzioni adesive per il settore automotive,\u00a0 capaci di superare i pi\u00f9 severi standard tecnici del comparto.<\/p><p>Per noi, la complessit\u00e0 non \u00e8 un limite, ma uno standard operativo.<\/p>\t\t\t\t\t\t\t\t<\/div>\n\t\t\t\t\t<\/div>\n\t\t\t\t<\/div>\n\t\t<div class=\"elementor-element elementor-element-ee53cb7 e-flex e-con-boxed e-con e-parent\" data-id=\"ee53cb7\" data-element_type=\"container\" data-e-type=\"container\">\n\t\t\t\t\t<div class=\"e-con-inner\">\n\t\t<div class=\"elementor-element elementor-element-0584e39 e-con-full e-flex e-con e-child\" data-id=\"0584e39\" data-element_type=\"container\" data-e-type=\"container\">\n\t\t\t\t<div class=\"elementor-element elementor-element-56bbc21 elementor-widget elementor-widget-image\" data-id=\"56bbc21\" data-element_type=\"widget\" data-e-type=\"widget\" data-widget_type=\"image.default\">\n\t\t\t\t\t\t\t\t\t\t\t\t\t\t\t<img fetchpriority=\"high\" decoding=\"async\" width=\"1024\" height=\"765\" src=\"https:\/\/isaserigrafia.com\/IT\/wp-content\/uploads\/2026\/03\/adesivi-automotive-1-1024x765.png\" class=\"attachment-large size-large wp-image-890\" alt=\"adesivi per settore automotive\" srcset=\"https:\/\/isaserigrafia.com\/IT\/wp-content\/uploads\/2026\/03\/adesivi-automotive-1-1024x765.png 1024w, https:\/\/isaserigrafia.com\/IT\/wp-content\/uploads\/2026\/03\/adesivi-automotive-1-300x224.png 300w, https:\/\/isaserigrafia.com\/IT\/wp-content\/uploads\/2026\/03\/adesivi-automotive-1-768x573.png 768w, https:\/\/isaserigrafia.com\/IT\/wp-content\/uploads\/2026\/03\/adesivi-automotive-1.png 1200w\" sizes=\"(max-width: 1024px) 100vw, 1024px\" \/>\t\t\t\t\t\t\t\t\t\t\t\t\t\t\t<\/div>\n\t\t\t\t<\/div>\n\t\t<div class=\"elementor-element elementor-element-3325d23 e-con-full e-flex e-con e-child\" data-id=\"3325d23\" data-element_type=\"container\" data-e-type=\"container\">\n\t\t\t\t<div class=\"elementor-element elementor-element-141e966 elementor-widget elementor-widget-image\" data-id=\"141e966\" data-element_type=\"widget\" data-e-type=\"widget\" data-widget_type=\"image.default\">\n\t\t\t\t\t\t\t\t\t\t\t\t\t\t\t<img decoding=\"async\" src=\"https:\/\/isaserigrafia.com\/IT\/wp-content\/uploads\/2026\/03\/adesivi-automotive.png\" title=\"\" alt=\"\" loading=\"lazy\" \/>\t\t\t\t\t\t\t\t\t\t\t\t\t\t\t<\/div>\n\t\t\t\t<\/div>\n\t\t\t\t\t<\/div>\n\t\t\t\t<\/div>\n\t\t<div class=\"elementor-element elementor-element-e524d35 e-flex e-con-boxed e-con e-parent\" data-id=\"e524d35\" data-element_type=\"container\" data-e-type=\"container\">\n\t\t\t\t\t<div class=\"e-con-inner\">\n\t\t\t\t<div class=\"elementor-element elementor-element-d868a10 elementor-widget elementor-widget-text-editor\" data-id=\"d868a10\" data-element_type=\"widget\" data-e-type=\"widget\" data-widget_type=\"text-editor.default\">\n\t\t\t\t\t\t\t\t\t<p>Gestiamo ogni sfida tecnica con precisione millimetrica, garantendo prestazioni d&#8217;eccellenza in ogni applicazione:<\/p><ul><li>Decalcomanie e livree high-performance<strong>:<\/strong> Kit completi per carrozzeria (auto, moto e flotte commerciali) realizzati esclusivamente con vinili fusi (cast) di ultima generazione. La loro memoria elastica assicura un&#8217;adesione impeccabile anche su superfici profondamente curve o irregolari.<\/li><li>Engineering &amp; safety labels<strong>:<\/strong> Etichette tecniche e di sicurezza progettate per l\u2019ambiente sotto cofano. I nostri materiali sono certificati per resistere a condizioni estreme: shock termici, esposizione prolungata a solventi, oli, carburanti e abrasioni, in piena conformit\u00e0 alle normative OEM.<\/li><li>Branding &amp; visual identity: Scritte prespaziate e loghi ad altissima risoluzione. Trasformiamo l&#8217;automezzo in un potente strumento di comunicazione visiva, garantendo brillantezza cromatica e tenuta nel tempo.<\/li><\/ul>\t\t\t\t\t\t\t\t<\/div>\n\t\t\t\t\t<\/div>\n\t\t\t\t<\/div>\n\t\t<div class=\"elementor-element elementor-element-26887c1 e-flex e-con-boxed e-con e-parent\" data-id=\"26887c1\" data-element_type=\"container\" data-e-type=\"container\">\n\t\t\t\t\t<div class=\"e-con-inner\">\n\t\t\t\t<div class=\"elementor-element elementor-element-2290bcc elementor-arrows-position-inside elementor-pagination-position-outside elementor-widget elementor-widget-image-carousel\" data-id=\"2290bcc\" data-element_type=\"widget\" data-e-type=\"widget\" data-settings=\"{&quot;slides_to_show&quot;:&quot;1&quot;,&quot;navigation&quot;:&quot;both&quot;,&quot;autoplay&quot;:&quot;yes&quot;,&quot;pause_on_hover&quot;:&quot;yes&quot;,&quot;pause_on_interaction&quot;:&quot;yes&quot;,&quot;autoplay_speed&quot;:5000,&quot;infinite&quot;:&quot;yes&quot;,&quot;effect&quot;:&quot;slide&quot;,&quot;speed&quot;:500}\" data-widget_type=\"image-carousel.default\">\n\t\t\t\t\t\t\t<div class=\"elementor-image-carousel-wrapper swiper\" role=\"region\" aria-roledescription=\"carousel\" aria-label=\"Carosello d&#039;immagini\" dir=\"ltr\">\n\t\t\t<div class=\"elementor-image-carousel swiper-wrapper swiper-image-stretch\" aria-live=\"off\">\n\t\t\t\t\t\t\t\t<div class=\"swiper-slide\" role=\"group\" aria-roledescription=\"slide\" aria-label=\"1 di 3\"><figure class=\"swiper-slide-inner\"><img decoding=\"async\" class=\"swiper-slide-image\" src=\"https:\/\/isaserigrafia.com\/IT\/wp-content\/uploads\/2026\/03\/adesivi-automotive-2-1024x559.png\" alt=\"allestimento adesivi automotive\" \/><\/figure><\/div><div class=\"swiper-slide\" role=\"group\" aria-roledescription=\"slide\" aria-label=\"2 di 3\"><figure class=\"swiper-slide-inner\"><img decoding=\"async\" class=\"swiper-slide-image\" src=\"https:\/\/isaserigrafia.com\/IT\/wp-content\/uploads\/2026\/03\/adesivi-automotive-3-1024x559.png\" alt=\"allestimento adesivi automotive\" \/><\/figure><\/div><div class=\"swiper-slide\" role=\"group\" aria-roledescription=\"slide\" aria-label=\"3 di 3\"><figure class=\"swiper-slide-inner\"><img decoding=\"async\" class=\"swiper-slide-image\" src=\"https:\/\/isaserigrafia.com\/IT\/wp-content\/uploads\/2026\/03\/adesivi-automotive-5-1024x559.png\" alt=\"esempio di adesivi per settore automotive\" \/><\/figure><\/div>\t\t\t<\/div>\n\t\t\t\t\t\t\t\t\t\t\t\t<div class=\"elementor-swiper-button elementor-swiper-button-prev\" role=\"button\" tabindex=\"0\">\n\t\t\t\t\t\t<svg aria-hidden=\"true\" class=\"e-font-icon-svg e-eicon-chevron-left\" viewBox=\"0 0 1000 1000\" xmlns=\"http:\/\/www.w3.org\/2000\/svg\"><path d=\"M646 125C629 125 613 133 604 142L308 442C296 454 292 471 292 487 292 504 296 521 308 533L604 854C617 867 629 875 646 875 663 875 679 871 692 858 704 846 713 829 713 812 713 796 708 779 692 767L438 487 692 225C700 217 708 204 708 187 708 171 704 154 692 142 675 129 663 125 646 125Z\"><\/path><\/svg>\t\t\t\t\t<\/div>\n\t\t\t\t\t<div class=\"elementor-swiper-button elementor-swiper-button-next\" role=\"button\" tabindex=\"0\">\n\t\t\t\t\t\t<svg aria-hidden=\"true\" class=\"e-font-icon-svg e-eicon-chevron-right\" viewBox=\"0 0 1000 1000\" xmlns=\"http:\/\/www.w3.org\/2000\/svg\"><path d=\"M696 533C708 521 713 504 713 487 713 471 708 454 696 446L400 146C388 133 375 125 354 125 338 125 325 129 313 142 300 154 292 171 292 187 292 204 296 221 308 233L563 492 304 771C292 783 288 800 288 817 288 833 296 850 308 863 321 871 338 875 354 875 371 875 388 867 400 854L696 533Z\"><\/path><\/svg>\t\t\t\t\t<\/div>\n\t\t\t\t\n\t\t\t\t\t\t\t\t\t<div class=\"swiper-pagination\"><\/div>\n\t\t\t\t\t\t\t\t\t<\/div>\n\t\t\t\t\t\t<\/div>\n\t\t\t\t\t<\/div>\n\t\t\t\t<\/div>\n\t\t<div class=\"elementor-element elementor-element-75ad722 e-flex e-con-boxed e-con e-parent\" data-id=\"75ad722\" data-element_type=\"container\" data-e-type=\"container\">\n\t\t\t\t\t<div class=\"e-con-inner\">\n\t\t\t\t<div class=\"elementor-element elementor-element-ba28f57 elementor-align-right elementor-widget elementor-widget-button\" data-id=\"ba28f57\" data-element_type=\"widget\" data-e-type=\"widget\" data-widget_type=\"button.default\">\n\t\t\t\t\t\t\t\t\t\t<a class=\"elementor-button elementor-button-link elementor-size-sm\" href=\"https:\/\/isaserigrafia.com\/IT\/#portfolio-3\">\n\t\t\t\t\t\t<span class=\"elementor-button-content-wrapper\">\n\t\t\t\t\t\t\t\t\t<span class=\"elementor-button-text\">Torna a Realizzazioni<\/span>\n\t\t\t\t\t<\/span>\n\t\t\t\t\t<\/a>\n\t\t\t\t\t\t\t\t<\/div>\n\t\t\t\t\t<\/div>\n\t\t\t\t<\/div>\n\t\t\t\t<\/div>\n\t\t","protected":false},"excerpt":{"rendered":"<p>Grazie a un consolidato know-how e a una costante spinta all&#8217;innovazione, progettiamo e realizziamo soluzioni adesive per il settore automotive,\u00a0 capaci di superare i pi\u00f9 severi standard tecnici del comparto. Per noi, la complessit\u00e0 non \u00e8 un limite, ma uno standard operativo. Gestiamo ogni sfida tecnica con precisione millimetrica, garantendo prestazioni d&#8217;eccellenza in ogni applicazione:&nbsp;&hellip;<\/p>\n","protected":false},"author":1,"featured_media":0,"parent":0,"menu_order":0,"comment_status":"closed","ping_status":"closed","template":"","meta":{"_monsterinsights_skip_tracking":false,"_monsterinsights_sitenote_active":false,"_monsterinsights_sitenote_note":"","_monsterinsights_sitenote_category":0,"footnotes":""},"class_list":["post-149","page","type-page","status-publish","hentry"],"aioseo_notices":[],"_links":{"self":[{"href":"https:\/\/isaserigrafia.com\/IT\/wp-json\/wp\/v2\/pages\/149","targetHints":{"allow":["GET"]}}],"collection":[{"href":"https:\/\/isaserigrafia.com\/IT\/wp-json\/wp\/v2\/pages"}],"about":[{"href":"https:\/\/isaserigrafia.com\/IT\/wp-json\/wp\/v2\/types\/page"}],"author":[{"embeddable":true,"href":"https:\/\/isaserigrafia.com\/IT\/wp-json\/wp\/v2\/users\/1"}],"replies":[{"embeddable":true,"href":"https:\/\/isaserigrafia.com\/IT\/wp-json\/wp\/v2\/comments?post=149"}],"version-history":[{"count":45,"href":"https:\/\/isaserigrafia.com\/IT\/wp-json\/wp\/v2\/pages\/149\/revisions"}],"predecessor-version":[{"id":1482,"href":"https:\/\/isaserigrafia.com\/IT\/wp-json\/wp\/v2\/pages\/149\/revisions\/1482"}],"wp:attachment":[{"href":"https:\/\/isaserigrafia.com\/IT\/wp-json\/wp\/v2\/media?parent=149"}],"curies":[{"name":"wp","href":"https:\/\/api.w.org\/{rel}","templated":true}]}}